{"id":11792,"date":"2015-11-16T18:35:35","date_gmt":"2015-11-16T16:35:35","guid":{"rendered":"http:\/\/www.oguztansel.org\/?page_id=11792"},"modified":"2015-12-20T22:02:22","modified_gmt":"2015-12-20T20:02:22","slug":"oguz-tansel-yazin-odulu-hakkinda","status":"publish","type":"page","link":"https:\/\/www.oguztansel.org\/tr\/oguz-tansel-yazin-odulu-hakkinda\/","title":{"rendered":"O\u011fuz Tansel Yaz\u0131n \u00d6d\u00fcl\u00fc Hakk\u0131nda"},"content":{"rendered":"<p><strong>\u00a0\u00a0 O\u011eUZ TANSEL YAZIN \u00d6D\u00dcL\u00dcN\u00dcN AMACI<\/strong><\/p>\n<ul>\n<li><strong>O\u011eUZ TANSEL \u015e\u0130\u0130R \u00d6D\u00dcL\u00dcN\u00dcN AMACI<\/strong><\/li>\n<\/ul>\n<p style=\"text-align: justify;\">\u00dc\u00e7 Kanatl\u0131 Masal Ku\u015fu <strong>O\u011eUZ TANSEL<\/strong> \u00d6z T\u00fcrk\u00e7e \u2019ye olan tutku d\u00fczeyindeki sevgisiyle g\u00f6rkemli bir \u015fiir dili yaratm\u0131\u015ft\u0131r. Kemal \u00d6zer\u2019in \u201csanatsal ve siyasal ku\u015fatmalar alt\u0131ndaki 1940 ku\u015fa\u011f\u0131n\u0131n ortak s\u00f6yleyi\u015fler, ortak i\u00e7erikler ta\u015f\u0131yan ozanlar\u0131 aras\u0131nda, s\u00f6z konusu genel g\u00f6r\u00fcn\u00fcm\u00fcn d\u0131\u015f\u0131na en \u00e7ok \u00e7\u0131kanlardan biri \u201colarak g\u00f6rd\u00fc\u011f\u00fc <strong>O\u011eUZ TANSEL<\/strong> 1940 ku\u015fa\u011f\u0131n\u0131n lirik ve \u00f6zg\u00fcn sesidir. Sal\u00e2h Birsel\u2019in tan\u0131m\u0131yla <strong>O\u011eUZ TANSEL<\/strong> \u201cdo\u011fa vurgunu, da\u011flarda duman duman ormanlardan, karl\u0131 u\u00e7urumlarda mavi sabahlardan ge\u00e7ip gider\u201d. <strong>O\u011eUZ TANSE<\/strong><strong>L<\/strong>\u2019i an\u0131larda ya\u015fatmak, devrimci ki\u015fili\u011fini,\u00a0 toplumcu d\u00fc\u015f\u00fcncelerini ve yap\u0131tlar\u0131n\u0131 gelecek ku\u015faklara aktarmak, gen\u00e7 ku\u015faklar\u0131n dil duyarl\u0131l\u0131\u011f\u0131n\u0131 art\u0131rmak, yaz\u0131nsal becerilerini de\u011ferlendirmek amac\u0131yla, <strong>O\u011eUZ TANSEL \u015e\u0130\u0130R \u00d6D\u00dcL\u00dc<\/strong> verilmektedir. O\u011fuz Tansel \u015fiirini, emekten ve bar\u0131\u015ftan yana bir\u00a0 d\u00fcnyan\u0131n kurulmas\u0131 u\u011frunda -insanlar\u0131 uyand\u0131rmak \u00fczere-\u00a0\u00a0 bir ara\u00e7 olarak kulland\u0131. Estetik kayg\u0131dan kopmadan s\u00f6yledi\u011fi t\u00fcrk\u00fclerinde \u00f6zledi\u011fi d\u00fcnyan\u0131n kuruldu\u011funu g\u00f6remeden d\u00fcnyam\u0131zdan ayr\u0131ld\u0131. Onun bu sava\u015f\u0131m\u0131n\u0131 ba\u015far\u0131yla s\u00fcrd\u00fcren gen\u00e7 ozanlar\u0131 y\u00fcreklendirmek ve ad\u0131n\u0131n bu \u00f6d\u00fcl arac\u0131l\u0131\u011f\u0131yla s\u00fcrmesi amac\u0131yla konuldu \u00f6d\u00fcl. \u00d6d\u00fcl, Folklor\/Edebiyat Dergisi, Troya Folklor Ara\u015ft\u0131rmalar\u0131 Derne\u011fi ve Ankara Ayd\u0131nl\u0131\u011f\u0131 Giri\u015fimi\u2019nin \u00e7abalar\u0131yla ger\u00e7ekle\u015ftirilmektedir.<\/p>\n<ul>\n<li><strong>O\u011eUZ TANSEL HALKB\u0130L\u0130M \u00d6D\u00dcL\u00dcN\u00dcN AMACI<\/strong><\/li>\n<\/ul>\n<p style=\"text-align: justify;\">Ozan, halkbilimci O\u011eUZ TANSEL&#8217;i an\u0131larda ya\u015fatmak, devrimci ki\u015fili\u011fini,\u00a0 toplumcu d\u00fc\u015f\u00fcncelerini ve yap\u0131tlar\u0131n\u0131 gelecek ku\u015faklara aktarmak, gen\u00e7 ku\u015faklar\u0131n dil duyarl\u0131l\u0131\u011f\u0131n\u0131 art\u0131rmak, yaz\u0131nsal becerilerini de\u011ferlendirmek, halkbilim ara\u015ft\u0131rmalar\u0131na heveslendirmek amac\u0131yla, <strong>O\u011eUZ TANSEL<\/strong> <strong>HALKB\u0130L\u0130M \u00a0\u00d6D\u00dcL\u00dc<\/strong> verilmektedir.<br \/>\n<strong>O\u011eUZ TANSEL<\/strong>, Halkbilimi \u00e7al\u0131\u015fmalar\u0131na masal derlemeleriyle 1930&#8217;larda ba\u015flad\u0131. O y\u0131llarda ses alma ayg\u0131tlar\u0131 olmad\u0131\u011f\u0131ndan, masallar\u0131 &#8220;steno&#8221; yazar gibi eski yaz\u0131yla kayda ge\u00e7irdi \u00f6nce. &#8220;Al&#8217;l\u0131 ile F\u0131rf\u0131r\u0131&#8221; adl\u0131 masal kitab\u0131yla 1977&#8217;de T\u00fcrk Dil Kurumu \u00c7ocuk Yaz\u0131n\u0131 \u00d6d\u00fcl\u00fcn\u00fc kazand\u0131. Emekten ve bar\u0131\u015ftan yana d\u00fcnya g\u00f6r\u00fc\u015f\u00fcn\u00fcn s\u00fczgecinden ge\u00e7irerek yeniden anlatt\u0131\u011f\u0131 masallarda kendine \u00f6zg\u00fc \u015fiirsel bir anlat\u0131m dili yaratt\u0131. \u00d6d\u00fcl, Folklor\/Edebiyat Dergisi, Troya Folklor Ara\u015ft\u0131rmalar\u0131 Derne\u011fi ve Ankara Ayd\u0131nl\u0131\u011f\u0131 Giri\u015fimi\u2019nin \u00e7abalar\u0131yla ger\u00e7ekle\u015ftirilmektedir.<\/p>\n<ul>\n<li><strong>O\u011eUZ TANSEL \u00c7OCUK YAZINI \u00d6D\u00dcL\u00dcN\u00dcN AMACI<\/strong><\/li>\n<\/ul>\n<p style=\"text-align: justify;\">1940 ku\u015fa\u011f\u0131n\u0131n lirik ve \u00f6zg\u00fcn sesi, Sal\u00e2h Birsel\u2019in tan\u0131m\u0131yla: \u201cDo\u011fa vurgunu, da\u011flarda duman duman ormanlardan, karl\u0131 u\u00e7urumlarda mavi sabahlardan ge\u00e7ip giden\u201d O\u011eUZ TANSEL\u2019i an\u0131larda ya\u015fatmak, devrimci ki\u015fili\u011fini,\u00a0 toplumcu d\u00fc\u015f\u00fcncelerini ve yap\u0131tlar\u0131n\u0131 gelecek ku\u015faklara aktarmak, gen\u00e7 ku\u015faklar\u0131n dil duyarl\u0131l\u0131\u011f\u0131n\u0131 art\u0131rmak, yaz\u0131nsal becerilerini de\u011ferlendirmek amac\u0131yla, <strong>O\u011eUZ TANSEL \u00c7OCUK YAZINI \u00d6D\u00dcL\u00dc<\/strong> verilmektedir.\u00a0O\u011fuz Tansel masallar\u0131n \u00e7ocuk e\u011fitiminde \u00f6nemli yeri oldu\u011funa , \u00e7ocuklara gen\u00e7lere kitap sevgisi, okuma al\u0131\u015fkanl\u0131\u011f\u0131, anadilin inceliklerinin en \u00e7ok masallarla verilebilece\u011fine inanm\u0131\u015ft\u0131r<strong>. <\/strong><strong>\u201cBen masallar\u0131m\u0131, \u00e7ocuklar\u0131, gen\u00e7leri, eri\u015fkinleri e\u011flendirmek, uyutmak i\u00e7in yazmad\u0131m; onlar\u0131 bilin\u00e7lendirmek, uyarmak i\u00e7in yazd\u0131m,&#8221;<\/strong> demi\u015ftir. O\u011fuz Tansel, Halkbilimi \u00e7al\u0131\u015fmalar\u0131na masal derlemeleriyle 1930\u2019larda ba\u015flad\u0131. \u201cAl\u2019l\u0131 ile F\u0131rf\u0131r\u0131\u201d adl\u0131 masal kitab\u0131yla 1977\u2019de T\u00fcrk Dil Kurumu \u00c7ocuk Yaz\u0131n\u0131 \u00d6d\u00fcl\u00fcn\u00fc kazanan O\u011fuz Tansel\u2019in Alt\u0131 Karde\u015fler, Yedi Devler, \u00dc\u00e7 K\u0131zlar, Mavi Gelin, \u00c7obanla Bey K\u0131z\u0131, Konu\u015fan Bal\u0131kla Yaln\u0131z K\u0131z adl\u0131 masal kitaplar\u0131 ve Bekta\u015fi Dedikleri (Metin Elo\u011flu\u2019yla birlikte) adl\u0131 \u015fiirle\u015ftirilmi\u015f Bekta\u015fi f\u0131kralar\u0131 ve halkbilimi konulu makaleleri vard\u0131r. \u00d6d\u00fcl, Folklor\/Edebiyat Dergisi, Troya Folklor Ara\u015ft\u0131rmalar\u0131 Derne\u011fi ve Ankara Ayd\u0131nl\u0131\u011f\u0131 Giri\u015fimi\u2019nin \u00e7abalar\u0131yla ger\u00e7ekle\u015ftirilmektedir.<\/p>\n<p><\/p>","protected":false},"excerpt":{"rendered":"<p>\u00a0\u00a0 O\u011eUZ TANSEL YAZIN \u00d6D\u00dcL\u00dcN\u00dcN AMACI O\u011eUZ TANSEL \u015e\u0130\u0130R \u00d6D\u00dcL\u00dcN\u00dcN AMACI \u00dc\u00e7 Kanatl\u0131 Masal Ku\u015fu O\u011eUZ TANSEL \u00d6z T\u00fcrk\u00e7e \u2019ye olan tutku d\u00fczeyindeki sevgisiyle g\u00f6rkemli bir \u015fiir dili yaratm\u0131\u015ft\u0131r. Kemal \u00d6zer\u2019in \u201csanatsal ve siyasal ku\u015fatmalar alt\u0131ndaki 1940 ku\u015fa\u011f\u0131n\u0131n ortak s\u00f6yleyi\u015fler, ortak i\u00e7erikler ta\u015f\u0131yan ozanlar\u0131 aras\u0131nda, s\u00f6z konusu genel g\u00f6r\u00fcn\u00fcm\u00fcn d\u0131\u015f\u0131na en \u00e7ok \u00e7\u0131kanlardan biri \u201colarak [&hellip;]<\/p>\n","protected":false},"author":1,"featured_media":0,"parent":0,"menu_order":0,"comment_status":"closed","ping_status":"closed","template":"","meta":[],"_links":{"self":[{"href":"https:\/\/www.oguztansel.org\/tr\/wp-json\/wp\/v2\/pages\/11792"}],"collection":[{"href":"https:\/\/www.oguztansel.org\/tr\/wp-json\/wp\/v2\/pages"}],"about":[{"href":"https:\/\/www.oguztansel.org\/tr\/wp-json\/wp\/v2\/types\/page"}],"author":[{"embeddable":true,"href":"https:\/\/www.oguztansel.org\/tr\/wp-json\/wp\/v2\/users\/1"}],"replies":[{"embeddable":true,"href":"https:\/\/www.oguztansel.org\/tr\/wp-json\/wp\/v2\/comments?post=11792"}],"version-history":[{"count":3,"href":"https:\/\/www.oguztansel.org\/tr\/wp-json\/wp\/v2\/pages\/11792\/revisions"}],"predecessor-version":[{"id":11935,"href":"https:\/\/www.oguztansel.org\/tr\/wp-json\/wp\/v2\/pages\/11792\/revisions\/11935"}],"wp:attachment":[{"href":"https:\/\/www.oguztansel.org\/tr\/wp-json\/wp\/v2\/media?parent=11792"}],"curies":[{"name":"wp","href":"https:\/\/api.w.org\/{rel}","templated":true}]}}