{"id":11800,"date":"2015-11-22T21:08:52","date_gmt":"2015-11-22T19:08:52","guid":{"rendered":"http:\/\/www.oguztansel.org\/?page_id=11800"},"modified":"2017-03-20T10:40:30","modified_gmt":"2017-03-20T07:40:30","slug":"bildircin","status":"publish","type":"page","link":"https:\/\/www.oguztansel.org\/tr\/bildircin\/","title":{"rendered":"BILDIRCIN"},"content":{"rendered":"<p><a class=\"group1\" title=\"\" href=\"http:\/\/www.oguztansel.org\/wp-content\/uploads\/2015\/11\/B\u0131ld\u0131rc\u0131n.jpg\"><img decoding=\"async\" loading=\"lazy\" class=\"  wp-image-12995 alignright\" style=\"margin-right: 20%;\" src=\"http:\/\/www.oguztansel.org\/wp-content\/uploads\/2015\/11\/B\u0131ld\u0131rc\u0131n.jpg\" alt=\"B\u0131ld\u0131rc\u0131n\" width=\"201\" height=\"308\" \/><\/a><\/p>\n<div style=\"margin-left: 20%;\">\n<p lang=\"tr-TR\" style=\"text-align: left;\"><strong>BILDIRCIN<\/strong><\/p>\n<p>Temmuz, yine temmuz,<br \/>\nK\u0131rlarda uyuz<br \/>\nK\u00f6pek ka\u00e7ar,<br \/>\nG\u00f6kler cehennem sa\u00e7ar.<br \/>\nA\u011fustos b\u00f6ce\u011fi,<br \/>\nBa\u015faktan bir saz \u00e7alar,<br \/>\nSevdal\u0131 orak\u00e7\u0131ya.<br \/>\nAvc\u0131 durur, t\u00fcfek patlar,<br \/>\nT\u00fcyler savrulur, d\u00fc\u015fer.<br \/>\n\u0130z bulunur kanla,<br \/>\nEliniz k\u0131r\u0131ls\u0131n adamlar,<br \/>\nOynamay\u0131n canla.<\/p>\n<p><strong>O\u011fuz Tansel<\/strong><br \/>\n<em>Yasakmeyve Dergisi, Eyl\u00fcl-Ekim, 2008 Cilt: 6, Say\u0131: 24, s. 62.<\/em>\n<\/p>\n<\/div>\n<p><\/p>","protected":false},"excerpt":{"rendered":"<p>BILDIRCIN Temmuz, yine temmuz, K\u0131rlarda uyuz K\u00f6pek ka\u00e7ar, G\u00f6kler cehennem sa\u00e7ar. A\u011fustos b\u00f6ce\u011fi, Ba\u015faktan bir saz \u00e7alar, Sevdal\u0131 orak\u00e7\u0131ya. Avc\u0131 durur, t\u00fcfek patlar, T\u00fcyler savrulur, d\u00fc\u015fer. \u0130z bulunur kanla, Eliniz k\u0131r\u0131ls\u0131n adamlar, Oynamay\u0131n canla. O\u011fuz Tansel Yasakmeyve Dergisi, Eyl\u00fcl-Ekim, 2008 Cilt: 6, Say\u0131: 24, s. 62.<\/p>\n","protected":false},"author":1,"featured_media":0,"parent":0,"menu_order":0,"comment_status":"closed","ping_status":"open","template":"","meta":[],"_links":{"self":[{"href":"https:\/\/www.oguztansel.org\/tr\/wp-json\/wp\/v2\/pages\/11800"}],"collection":[{"href":"https:\/\/www.oguztansel.org\/tr\/wp-json\/wp\/v2\/pages"}],"about":[{"href":"https:\/\/www.oguztansel.org\/tr\/wp-json\/wp\/v2\/types\/page"}],"author":[{"embeddable":true,"href":"https:\/\/www.oguztansel.org\/tr\/wp-json\/wp\/v2\/users\/1"}],"replies":[{"embeddable":true,"href":"https:\/\/www.oguztansel.org\/tr\/wp-json\/wp\/v2\/comments?post=11800"}],"version-history":[{"count":8,"href":"https:\/\/www.oguztansel.org\/tr\/wp-json\/wp\/v2\/pages\/11800\/revisions"}],"predecessor-version":[{"id":13367,"href":"https:\/\/www.oguztansel.org\/tr\/wp-json\/wp\/v2\/pages\/11800\/revisions\/13367"}],"wp:attachment":[{"href":"https:\/\/www.oguztansel.org\/tr\/wp-json\/wp\/v2\/media?parent=11800"}],"curies":[{"name":"wp","href":"https:\/\/api.w.org\/{rel}","templated":true}]}}