{"id":11814,"date":"2015-12-03T13:31:05","date_gmt":"2015-12-03T11:31:05","guid":{"rendered":"http:\/\/www.oguztansel.org\/?page_id=11814"},"modified":"2017-03-20T10:57:43","modified_gmt":"2017-03-20T07:57:43","slug":"coban-dugmesi","status":"publish","type":"page","link":"https:\/\/www.oguztansel.org\/tr\/coban-dugmesi\/","title":{"rendered":"\u00c7OBAN D\u00dc\u011eMES\u0130"},"content":{"rendered":"<p><a class=\"group1\" title=\"Matisse\" href=\"http:\/\/www.oguztansel.org\/wp-content\/uploads\/2016\/08\/coban-dugmesi.jpg\"><img decoding=\"async\" loading=\"lazy\" class=\" size-medium wp-image-12995 alignright\" style=\"margin-right: 20%;\" src=\"http:\/\/www.oguztansel.org\/wp-content\/uploads\/2016\/08\/coban-dugmesi.jpg\" alt=\"antalya 8\" width=\"196\" height=\"300\" \/><\/a><\/p>\n<div style=\"margin-left: 20%;\">\n<p style=\"text-align: left;\">\n<strong>\u00c7OBAN D\u00dc\u011eMES\u0130<\/strong><\/p>\n<p>Bahar perisinin unuttu\u011fu mor mendil<br \/>\nDuru sabahlar\u0131n sallan\u0131r dizlerinde.<br \/>\nKu\u015flar\u0131n a\u011fz\u0131nda t\u00fcrk\u00fcden dokunmu\u015f dil,<br \/>\nApak hat\u0131ralar y\u0131kan\u0131r izlerinde.<\/p>\n<p>G\u00f6ks\u00fcne y\u0131ld\u0131zlar morartan buse koymu\u015f,<br \/>\nEkin tarlalar\u0131n\u0131n sevda kokulu tac\u0131.<br \/>\nFecrin renklerinden u\u00e7up k\u0131rlara konmu\u015f<br \/>\nA\u015fk bah\u00e7elerini s\u00fcsleyen alt\u0131n bac\u0131.<\/p>\n<p>Orak\u00e7\u0131 k\u0131zlar\u0131n g\u00f6nl\u00fcne arzu koyar,<br \/>\nYe\u015fil ba\u015faklar\u0131n mavi y\u00fczl\u00fc \u00e7ocu\u011fu,<br \/>\nY\u0131ld\u0131zlar\u0131 \u00f6l\u00fcms\u00fcz maviliklere boyar,<br \/>\nSevdal\u0131 k\u0131rlar\u0131n mavi, alt\u0131n boncu\u011fu.<\/p>\n<p>Toprak ana, seni, kokusunda yo\u011furmu\u015f,<br \/>\nI\u015f\u0131kl\u0131 sular\u0131n kalbi mavi y\u0131ld\u0131z\u0131,<br \/>\nSevdal\u0131lar yoluna ate\u015ften tuzak kurmu\u015f,<br \/>\nVer muratlar\u0131n\u0131 renklerin alt\u0131n k\u0131z\u0131.<\/p>\n<p><strong>O\u011fuz Tansel<\/strong><br \/>\n<em>( Kitap-l\u0131k, Kas\u0131m, 2003, Y\u0131l: 11, Say\u0131: 66, ss.82-88)<br \/>\nO\u011fuz Tansel\u2019in 1940 \u00f6ncesinde yazd\u0131\u011f\u0131 ve yay\u0131nlamad\u0131\u011f\u0131<br \/>\n\u015fiirlerden  \u00c7OBAN D\u00dc\u011eMES\u0130 ilk kez YKY Kitap-l\u0131k dergisinin<br \/>\nKas\u0131m 2003, 66. say\u0131s\u0131nda yay\u0131nland\u0131. Bu \u015fiirin bir \u00f6zelli\u011fi,<br \/>\nTansel\u2019in daha sonraki \u015fiirlerinde simgesi \u00f6zelli\u011fini kazanacak<br \/>\nmavi rengin d\u00f6rt kez yer alm\u0131\u015f olmas\u0131d\u0131r. Bir ikinci \u00f6zelli\u011fi<br \/>\nde,  \u015fairin o y\u0131llarda a\u015f\u0131k olup 1939 y\u0131l\u0131nda evlenece\u011fi e\u015fi Kalbiye Tansel\u2019e<br \/>\nadanm\u0131\u015f oldu\u011funu d\u00fc\u015f\u00fcnd\u00fcrmesidir.<\/em>\n<\/p>\n<\/div>\n<p><\/p>","protected":false},"excerpt":{"rendered":"<p>\u00c7OBAN D\u00dc\u011eMES\u0130 Bahar perisinin unuttu\u011fu mor mendil Duru sabahlar\u0131n sallan\u0131r dizlerinde. Ku\u015flar\u0131n a\u011fz\u0131nda t\u00fcrk\u00fcden dokunmu\u015f dil, Apak hat\u0131ralar y\u0131kan\u0131r izlerinde. G\u00f6ks\u00fcne y\u0131ld\u0131zlar morartan buse koymu\u015f, Ekin tarlalar\u0131n\u0131n sevda kokulu tac\u0131. Fecrin renklerinden u\u00e7up k\u0131rlara konmu\u015f A\u015fk bah\u00e7elerini s\u00fcsleyen alt\u0131n bac\u0131. Orak\u00e7\u0131 k\u0131zlar\u0131n g\u00f6nl\u00fcne arzu koyar, Ye\u015fil ba\u015faklar\u0131n mavi y\u00fczl\u00fc \u00e7ocu\u011fu, Y\u0131ld\u0131zlar\u0131 \u00f6l\u00fcms\u00fcz maviliklere boyar, Sevdal\u0131 [&hellip;]<\/p>\n","protected":false},"author":1,"featured_media":0,"parent":0,"menu_order":0,"comment_status":"closed","ping_status":"open","template":"","meta":[],"_links":{"self":[{"href":"https:\/\/www.oguztansel.org\/tr\/wp-json\/wp\/v2\/pages\/11814"}],"collection":[{"href":"https:\/\/www.oguztansel.org\/tr\/wp-json\/wp\/v2\/pages"}],"about":[{"href":"https:\/\/www.oguztansel.org\/tr\/wp-json\/wp\/v2\/types\/page"}],"author":[{"embeddable":true,"href":"https:\/\/www.oguztansel.org\/tr\/wp-json\/wp\/v2\/users\/1"}],"replies":[{"embeddable":true,"href":"https:\/\/www.oguztansel.org\/tr\/wp-json\/wp\/v2\/comments?post=11814"}],"version-history":[{"count":13,"href":"https:\/\/www.oguztansel.org\/tr\/wp-json\/wp\/v2\/pages\/11814\/revisions"}],"predecessor-version":[{"id":13375,"href":"https:\/\/www.oguztansel.org\/tr\/wp-json\/wp\/v2\/pages\/11814\/revisions\/13375"}],"wp:attachment":[{"href":"https:\/\/www.oguztansel.org\/tr\/wp-json\/wp\/v2\/media?parent=11814"}],"curies":[{"name":"wp","href":"https:\/\/api.w.org\/{rel}","templated":true}]}}