{"id":11828,"date":"2015-12-03T13:36:37","date_gmt":"2015-12-03T11:36:37","guid":{"rendered":"http:\/\/www.oguztansel.org\/?page_id=11828"},"modified":"2017-03-20T11:02:12","modified_gmt":"2017-03-20T08:02:12","slug":"mavu-bogaz","status":"publish","type":"page","link":"https:\/\/www.oguztansel.org\/tr\/mavu-bogaz\/","title":{"rendered":"MAVU BO\u011eAZ"},"content":{"rendered":"<p><a class=\"group1\" title=\"\" href=\"http:\/\/www.oguztansel.org\/wp-content\/uploads\/2015\/12\/Mavu-Bo\u011faz.jpg\"><img decoding=\"async\" loading=\"lazy\" class=\" size-medium wp-image-12995 alignright\" style=\"margin-right: 20%;\" src=\"http:\/\/www.oguztansel.org\/wp-content\/uploads\/2015\/12\/Mavu-Bo\u011faz.jpg\" alt=\"mutluluk pesinde\" width=\"196\" height=\"300\" \/><\/a><\/p>\n<div style=\"margin-left: 20%;\">\n<p style=\"text-align: left;\"><strong>MAVU BO\u011eAZ<\/strong><\/p>\n<p>Ku\u015f\u00e7a Da\u011flar\u0131\u2019n\u0131n eteklerinde<br \/>\nTopra\u011fa denize benziyor sabah<br \/>\nIrmak mavi k\u00f6y mavidir<br \/>\nSiyah karakol mavi kanal<br \/>\nOrman yol k\u00f6pr\u00fc mavi<br \/>\nYolcular maviymi\u015f eskiden<br \/>\nZulme kar\u015f\u0131 da\u011fa \u00e7\u0131kan<br \/>\nErkinlik i\u00e7in yol kesen<br \/>\nMavi e\u015fkiyalar olmu\u015f bir zaman<br \/>\nKu\u015f mavi a\u011fa\u00e7 mavi<br \/>\nDa\u011f mavi, a\u015fk mavi<br \/>\nD\u00fcnya mavile\u015fmi\u015f burda<br \/>\nMavi t\u00fcrk\u00fcler akl\u0131mda<\/p>\n<p><strong>O\u011fuz Tansel<\/strong><br \/>\n<em>Mutluluk Pe\u015finde, Evrensel Bas\u0131m Yay\u0131n, 2013<\/em><\/p>\n<\/div>\n<p><\/p>","protected":false},"excerpt":{"rendered":"<p>MAVU BO\u011eAZ Ku\u015f\u00e7a Da\u011flar\u0131\u2019n\u0131n eteklerinde Topra\u011fa denize benziyor sabah Irmak mavi k\u00f6y mavidir Siyah karakol mavi kanal Orman yol k\u00f6pr\u00fc mavi Yolcular maviymi\u015f eskiden Zulme kar\u015f\u0131 da\u011fa \u00e7\u0131kan Erkinlik i\u00e7in yol kesen Mavi e\u015fkiyalar olmu\u015f bir zaman Ku\u015f mavi a\u011fa\u00e7 mavi Da\u011f mavi, a\u015fk mavi D\u00fcnya mavile\u015fmi\u015f burda Mavi t\u00fcrk\u00fcler akl\u0131mda O\u011fuz Tansel Mutluluk Pe\u015finde, [&hellip;]<\/p>\n","protected":false},"author":1,"featured_media":0,"parent":0,"menu_order":0,"comment_status":"closed","ping_status":"open","template":"","meta":[],"_links":{"self":[{"href":"https:\/\/www.oguztansel.org\/tr\/wp-json\/wp\/v2\/pages\/11828"}],"collection":[{"href":"https:\/\/www.oguztansel.org\/tr\/wp-json\/wp\/v2\/pages"}],"about":[{"href":"https:\/\/www.oguztansel.org\/tr\/wp-json\/wp\/v2\/types\/page"}],"author":[{"embeddable":true,"href":"https:\/\/www.oguztansel.org\/tr\/wp-json\/wp\/v2\/users\/1"}],"replies":[{"embeddable":true,"href":"https:\/\/www.oguztansel.org\/tr\/wp-json\/wp\/v2\/comments?post=11828"}],"version-history":[{"count":6,"href":"https:\/\/www.oguztansel.org\/tr\/wp-json\/wp\/v2\/pages\/11828\/revisions"}],"predecessor-version":[{"id":13378,"href":"https:\/\/www.oguztansel.org\/tr\/wp-json\/wp\/v2\/pages\/11828\/revisions\/13378"}],"wp:attachment":[{"href":"https:\/\/www.oguztansel.org\/tr\/wp-json\/wp\/v2\/media?parent=11828"}],"curies":[{"name":"wp","href":"https:\/\/api.w.org\/{rel}","templated":true}]}}