{"id":11835,"date":"2015-12-03T13:39:32","date_gmt":"2015-12-03T11:39:32","guid":{"rendered":"http:\/\/www.oguztansel.org\/?page_id=11835"},"modified":"2017-03-20T11:00:32","modified_gmt":"2017-03-20T08:00:32","slug":"cocuklar-ii","status":"publish","type":"page","link":"https:\/\/www.oguztansel.org\/tr\/cocuklar-ii\/","title":{"rendered":"\u00c7OCUKLAR II"},"content":{"rendered":"<p><a class=\"group1\" title=\"Picasso\" href=\"http:\/\/www.oguztansel.org\/wp-content\/uploads\/2015\/12\/\u00c7ocuklar.jpg\"><img decoding=\"async\" loading=\"lazy\" class=\" size-medium wp-image-12995 alignright\" style=\"margin-right: 20%;\" src=\"http:\/\/www.oguztansel.org\/wp-content\/uploads\/2015\/12\/\u00c7ocuklar.jpg\" alt=\"mutluluk pesinde\" width=\"196\" height=\"300\" \/><\/a><\/p>\n<div style=\"margin-left: 20%;\">\n<p style=\"text-align: left;\">\n<strong>\u00c7OCUKLAR II<\/strong><\/p>\n<p>\u00c7ocuklar; arakesti oynarlar \u00e7ay\u0131rl\u0131kta,<br \/>\nC\u0131v\u0131lda\u015f\u0131rlar, on, y\u00fcz, milyonla d\u00fcnyal\u0131<br \/>\n\u00c7ocuklar T\u00fcrkiyeli, Koreli, Viyetnaml\u0131\u2026<br \/>\nG\u00fcne\u015fi b\u00f6l\u00fc\u015f\u00fcrler, k\u0131rlang\u0131\u00e7lar benzeri, elmaca<br \/>\nAy\u00e7i\u00e7e\u011fince doldurup ceplerine y\u0131ld\u0131zlar\u0131,<br \/>\nMor bulutlar\u0131 g\u00f6l yaparlar, \u0131rmak ederler.<br \/>\n\u00c7ocuklar; su k\u0131y\u0131s\u0131nda dursa; k\u00f6pr\u00fcler<br \/>\nKendili\u011finden kuruluverir ge\u00e7eden ge\u00e7eye;<br \/>\nSamanyoluna \u00e7\u0131kmak d\u00fc\u015fse uslar\u0131na:<br \/>\nAlt\u0131n basamakl\u0131 merdivenler sarkar \u00f6nlerine;<br \/>\nAya konuk giderler, u\u00e7arlar korkusuz,<br \/>\nDemirkaz\u0131k\u2019tan \u00e7\u00f6zerler B\u00fcy\u00fckay\u0131\u2019y\u0131 K\u00fc\u00e7\u00fckay\u0131\u2019y\u0131.<br \/>\n\u00c7ocuklar; gelece\u011fin yozla\u015fmayan \u00e7ekirde\u011fi,<br \/>\nBar\u0131\u015f, \u00f6zg\u00fcrl\u00fck t\u00fcrk\u00fc dudaklar\u0131nda,<br \/>\n\u00c7ocuklar, Viyetnaml\u0131, d\u00fcnyal\u0131, T\u00fcrkiyeli\u2026<\/p>\n<p><strong>O\u011fuz Tansel<\/strong><br \/>\n<em>Mutluluk Pe\u015finde, Evrensel Bas\u0131m Yay\u0131n, 2013.<\/em>\n<\/p>\n<\/div>\n<p><\/p>","protected":false},"excerpt":{"rendered":"<p>\u00c7OCUKLAR II \u00c7ocuklar; arakesti oynarlar \u00e7ay\u0131rl\u0131kta, C\u0131v\u0131lda\u015f\u0131rlar, on, y\u00fcz, milyonla d\u00fcnyal\u0131 \u00c7ocuklar T\u00fcrkiyeli, Koreli, Viyetnaml\u0131\u2026 G\u00fcne\u015fi b\u00f6l\u00fc\u015f\u00fcrler, k\u0131rlang\u0131\u00e7lar benzeri, elmaca Ay\u00e7i\u00e7e\u011fince doldurup ceplerine y\u0131ld\u0131zlar\u0131, Mor bulutlar\u0131 g\u00f6l yaparlar, \u0131rmak ederler. \u00c7ocuklar; su k\u0131y\u0131s\u0131nda dursa; k\u00f6pr\u00fcler Kendili\u011finden kuruluverir ge\u00e7eden ge\u00e7eye; Samanyoluna \u00e7\u0131kmak d\u00fc\u015fse uslar\u0131na: Alt\u0131n basamakl\u0131 merdivenler sarkar \u00f6nlerine; Aya konuk giderler, u\u00e7arlar korkusuz, Demirkaz\u0131k\u2019tan \u00e7\u00f6zerler [&hellip;]<\/p>\n","protected":false},"author":1,"featured_media":0,"parent":0,"menu_order":0,"comment_status":"closed","ping_status":"open","template":"","meta":[],"_links":{"self":[{"href":"https:\/\/www.oguztansel.org\/tr\/wp-json\/wp\/v2\/pages\/11835"}],"collection":[{"href":"https:\/\/www.oguztansel.org\/tr\/wp-json\/wp\/v2\/pages"}],"about":[{"href":"https:\/\/www.oguztansel.org\/tr\/wp-json\/wp\/v2\/types\/page"}],"author":[{"embeddable":true,"href":"https:\/\/www.oguztansel.org\/tr\/wp-json\/wp\/v2\/users\/1"}],"replies":[{"embeddable":true,"href":"https:\/\/www.oguztansel.org\/tr\/wp-json\/wp\/v2\/comments?post=11835"}],"version-history":[{"count":7,"href":"https:\/\/www.oguztansel.org\/tr\/wp-json\/wp\/v2\/pages\/11835\/revisions"}],"predecessor-version":[{"id":13376,"href":"https:\/\/www.oguztansel.org\/tr\/wp-json\/wp\/v2\/pages\/11835\/revisions\/13376"}],"wp:attachment":[{"href":"https:\/\/www.oguztansel.org\/tr\/wp-json\/wp\/v2\/media?parent=11835"}],"curies":[{"name":"wp","href":"https:\/\/api.w.org\/{rel}","templated":true}]}}