{"id":11843,"date":"2015-12-03T13:43:51","date_gmt":"2015-12-03T11:43:51","guid":{"rendered":"http:\/\/www.oguztansel.org\/?page_id=11843"},"modified":"2017-03-20T11:10:29","modified_gmt":"2017-03-20T08:10:29","slug":"savasa-hayir","status":"publish","type":"page","link":"https:\/\/www.oguztansel.org\/tr\/savasa-hayir\/","title":{"rendered":"SAVA\u015eA HAYIR"},"content":{"rendered":"<p><a class=\"group1\" title=\"Orhan Taylan\" href=\"http:\/\/www.oguztansel.org\/wp-content\/uploads\/2015\/12\/sava\u015fa-hay\u0131r.jpg\"><img decoding=\"async\" loading=\"lazy\" class=\" size-medium wp-image-12995 alignright\" style=\"margin-right: 20%;\" src=\"http:\/\/www.oguztansel.org\/wp-content\/uploads\/2015\/12\/sava\u015fa-hay\u0131r.jpg\" alt=\"mutluluk pesinde\" width=\"196\" height=\"300\" \/><\/a><\/p>\n<div style=\"margin-left: 20%;\">\n<p style=\"text-align: left;\"><strong>SAVA\u015eA HAYIR<\/strong><\/p>\n<p>Halk, d\u00f6rt duvar cenderede,<br \/>\nD\u00fc\u015f\u00fcn\u00fcr m\u00fc \u00f6zg\u00fcrl\u00fc\u011f\u00fc, kar\u0131n zil<br \/>\nG\u00f6zlerinde g\u00fcvercin kanad\u0131,<br \/>\nUzat\u0131r d\u00fc\u015fs\u00fc duyargalar\u0131n\u0131;<br \/>\nKendi kendilerini g\u00f6r\u00fcrler.<br \/>\nI\u015f\u0131klan\u0131verir yollar bir g\u00fcn:<br \/>\nBirden y\u0131k\u0131l\u0131r kara duvarlar.<br \/>\nHer varl\u0131k yerini al\u0131r,<br \/>\n\u00c7al\u0131\u015fan bilekler isteyince:<br \/>\nHele de sevi dolu y\u00fcrekler,<br \/>\nBar\u0131\u015f yaz\u0131l\u0131r g\u00f6ky\u00fcz\u00fcne;<br \/>\nBar\u0131\u015f i\u00e7inde olmal\u0131 evren.<br \/>\nDo\u011fmak da, \u00f6lmek de, dostlukla.<br \/>\nVar olman\u0131n soylu yasas\u0131:<br \/>\nBar\u0131\u015f, Sevi. Bar\u0131\u015f, Sevi. Bar\u0131\u015f\u2026<\/p>\n<p><strong>O\u011fuz Tansel<\/strong><br \/>\n<em>Da\u011f\u0131 \u00d6pmeler, Yap\u0131 Kredi yay\u0131nlar\u0131, 2013.<\/em><\/p>\n<\/div>\n<p><\/p>","protected":false},"excerpt":{"rendered":"<p>SAVA\u015eA HAYIR Halk, d\u00f6rt duvar cenderede, D\u00fc\u015f\u00fcn\u00fcr m\u00fc \u00f6zg\u00fcrl\u00fc\u011f\u00fc, kar\u0131n zil G\u00f6zlerinde g\u00fcvercin kanad\u0131, Uzat\u0131r d\u00fc\u015fs\u00fc duyargalar\u0131n\u0131; Kendi kendilerini g\u00f6r\u00fcrler. I\u015f\u0131klan\u0131verir yollar bir g\u00fcn: Birden y\u0131k\u0131l\u0131r kara duvarlar. Her varl\u0131k yerini al\u0131r, \u00c7al\u0131\u015fan bilekler isteyince: Hele de sevi dolu y\u00fcrekler, Bar\u0131\u015f yaz\u0131l\u0131r g\u00f6ky\u00fcz\u00fcne; Bar\u0131\u015f i\u00e7inde olmal\u0131 evren. Do\u011fmak da, \u00f6lmek de, dostlukla. Var olman\u0131n soylu [&hellip;]<\/p>\n","protected":false},"author":1,"featured_media":0,"parent":0,"menu_order":0,"comment_status":"closed","ping_status":"open","template":"","meta":[],"_links":{"self":[{"href":"https:\/\/www.oguztansel.org\/tr\/wp-json\/wp\/v2\/pages\/11843"}],"collection":[{"href":"https:\/\/www.oguztansel.org\/tr\/wp-json\/wp\/v2\/pages"}],"about":[{"href":"https:\/\/www.oguztansel.org\/tr\/wp-json\/wp\/v2\/types\/page"}],"author":[{"embeddable":true,"href":"https:\/\/www.oguztansel.org\/tr\/wp-json\/wp\/v2\/users\/1"}],"replies":[{"embeddable":true,"href":"https:\/\/www.oguztansel.org\/tr\/wp-json\/wp\/v2\/comments?post=11843"}],"version-history":[{"count":7,"href":"https:\/\/www.oguztansel.org\/tr\/wp-json\/wp\/v2\/pages\/11843\/revisions"}],"predecessor-version":[{"id":13383,"href":"https:\/\/www.oguztansel.org\/tr\/wp-json\/wp\/v2\/pages\/11843\/revisions\/13383"}],"wp:attachment":[{"href":"https:\/\/www.oguztansel.org\/tr\/wp-json\/wp\/v2\/media?parent=11843"}],"curies":[{"name":"wp","href":"https:\/\/api.w.org\/{rel}","templated":true}]}}