{"id":11845,"date":"2015-12-03T13:44:42","date_gmt":"2015-12-03T11:44:42","guid":{"rendered":"http:\/\/www.oguztansel.org\/?page_id=11845"},"modified":"2017-03-20T11:13:58","modified_gmt":"2017-03-20T08:13:58","slug":"usa-saygi","status":"publish","type":"page","link":"https:\/\/www.oguztansel.org\/tr\/usa-saygi\/","title":{"rendered":"USA SAYGI"},"content":{"rendered":"<p><a class=\"group1\" title=\"Orhan Taylan\" href=\"http:\/\/www.oguztansel.org\/wp-content\/uploads\/2015\/12\/usa-sayg\u0131.jpg\"><img decoding=\"async\" loading=\"lazy\" class=\" size-medium wp-image-12995 alignright\" style=\"margin-right: 20%;\" src=\"http:\/\/www.oguztansel.org\/wp-content\/uploads\/2015\/12\/usa-sayg\u0131.jpg\" alt=\"mutluluk pesinde\" width=\"196\" height=\"300\" \/><\/a><\/p>\n<div style=\"margin-left: 20%;\">\n<p style=\"text-align: left;\"><strong>USA SAYGI<\/strong><\/p>\n<p>Bug\u00fcn ger\u00e7ek bayram olmal\u0131<br \/>\nUtku, bir kona\u011fa erdi daha<br \/>\nMavilikte aya ula\u015ft\u0131 elimiz<br \/>\nUsumuz yetecek y\u0131ld\u0131zlara da<br \/>\nMasalda do\u011fa \u00fcst\u00fc say\u0131lan,<br \/>\nKavgal\u0131 uzay tarlas\u0131!<br \/>\n\u0130nsandan yana olmayan,<br \/>\nKan\u0131 doymaz \u00f6kseotlar\u0131n\u0131<br \/>\nBar\u0131\u015f, dostluk getirir dize<br \/>\nBo\u015funa sap\u0131tmalar\u0131, oyunlar\u0131.<br \/>\nEvreni tamuya \u00e7evirirler ya,<br \/>\nG\u00f6zlerden perde u\u00e7ar birg\u00fcn<br \/>\nUyduruk g\u00f6renekleri olur gelenek.<br \/>\nYarat\u0131labilir cennetten g\u00fczeli.<\/p>\n<p>Y\u00fcce t\u00f6re: bar\u0131\u015fta yar\u0131\u015f\u0131m\u0131z.<br \/>\nHer canl\u0131 yeralacak sava\u015f\u0131m\u0131zda<br \/>\nD\u00fcnyaya geldi\u011fimize sevinece\u011fiz.<br \/>\nSu\u00e7 olmayacak bar\u0131\u015f\u00e7\u0131l\u0131k, sevmek<br \/>\nY\u0131k\u0131l\u0131r bu yalan dolan d\u00fczeni.<br \/>\nUsa sayg\u0131, esenlik yaratanlara<br \/>\nKut sarho\u015fu olaca\u011f\u0131z dostlar,<br \/>\nY\u00fcre\u011fim yar\u0131l\u0131yor sevin\u00e7ten\u2026<br \/>\nD\u00fc\u015f ger\u00e7ekle\u015fince, \u00f6periz y\u0131ld\u0131zlar\u0131;<br \/>\nUygarl\u0131k b\u00f6l\u00fc\u015f\u00fcl\u00fcr \u0131\u015f\u0131kca,<br \/>\nBu evrenselde olmal\u0131 pay\u0131m\u0131z:<br \/>\n\u0130nsano\u011flu \u00e7\u00f6zer bu bilmeceyi<br \/>\nKat\u0131l\u0131yorum \u00e7i\u00e7eklenen sevince.<\/p>\n<p><strong>O\u011fuz Tansel<\/strong><br \/>\n<em>Da\u011f\u0131 \u00d6pmeler, Yap\u0131 Kredi Yay\u0131nlar\u0131, 2013.<\/em><\/p>\n<\/div>\n<p><\/p>","protected":false},"excerpt":{"rendered":"<p>USA SAYGI Bug\u00fcn ger\u00e7ek bayram olmal\u0131 Utku, bir kona\u011fa erdi daha Mavilikte aya ula\u015ft\u0131 elimiz Usumuz yetecek y\u0131ld\u0131zlara da Masalda do\u011fa \u00fcst\u00fc say\u0131lan, Kavgal\u0131 uzay tarlas\u0131! \u0130nsandan yana olmayan, Kan\u0131 doymaz \u00f6kseotlar\u0131n\u0131 Bar\u0131\u015f, dostluk getirir dize Bo\u015funa sap\u0131tmalar\u0131, oyunlar\u0131. Evreni tamuya \u00e7evirirler ya, G\u00f6zlerden perde u\u00e7ar birg\u00fcn Uyduruk g\u00f6renekleri olur gelenek. Yarat\u0131labilir cennetten g\u00fczeli. Y\u00fcce [&hellip;]<\/p>\n","protected":false},"author":1,"featured_media":0,"parent":0,"menu_order":0,"comment_status":"closed","ping_status":"open","template":"","meta":[],"_links":{"self":[{"href":"https:\/\/www.oguztansel.org\/tr\/wp-json\/wp\/v2\/pages\/11845"}],"collection":[{"href":"https:\/\/www.oguztansel.org\/tr\/wp-json\/wp\/v2\/pages"}],"about":[{"href":"https:\/\/www.oguztansel.org\/tr\/wp-json\/wp\/v2\/types\/page"}],"author":[{"embeddable":true,"href":"https:\/\/www.oguztansel.org\/tr\/wp-json\/wp\/v2\/users\/1"}],"replies":[{"embeddable":true,"href":"https:\/\/www.oguztansel.org\/tr\/wp-json\/wp\/v2\/comments?post=11845"}],"version-history":[{"count":10,"href":"https:\/\/www.oguztansel.org\/tr\/wp-json\/wp\/v2\/pages\/11845\/revisions"}],"predecessor-version":[{"id":13385,"href":"https:\/\/www.oguztansel.org\/tr\/wp-json\/wp\/v2\/pages\/11845\/revisions\/13385"}],"wp:attachment":[{"href":"https:\/\/www.oguztansel.org\/tr\/wp-json\/wp\/v2\/media?parent=11845"}],"curies":[{"name":"wp","href":"https:\/\/api.w.org\/{rel}","templated":true}]}}