{"id":11849,"date":"2015-12-03T13:45:54","date_gmt":"2015-12-03T11:45:54","guid":{"rendered":"http:\/\/www.oguztansel.org\/?page_id=11849"},"modified":"2017-03-20T10:42:27","modified_gmt":"2017-03-20T07:42:27","slug":"bilinc-isigi","status":"publish","type":"page","link":"https:\/\/www.oguztansel.org\/tr\/bilinc-isigi\/","title":{"rendered":"B\u0130L\u0130N\u00c7 I\u015eI\u011eI"},"content":{"rendered":"<p><a class=\"group1\" title=\"Orhan Taylan\" href=\"http:\/\/www.oguztansel.org\/wp-content\/uploads\/2015\/12\/bilin\u00e7-\u0131\u015f\u0131\u011f\u0131.jpg\"><img decoding=\"async\" loading=\"lazy\" class=\" size-medium wp-image-12995 alignright\" style=\"margin-right: 20%;\" src=\"http:\/\/www.oguztansel.org\/wp-content\/uploads\/2015\/12\/bilin\u00e7-\u0131\u015f\u0131\u011f\u0131.jpg\" alt=\"mutluluk pesinde\" width=\"196\" height=\"300\" \/><\/a><\/p>\n<div style=\"margin-left: 20%;\">\n<p style=\"text-align: left;\"><strong>B\u0130L\u0130N\u00c7 I\u015eI\u011eI<\/strong><\/p>\n<p>Sevgi dolu y\u00fcrekleri,<br \/>\nCan\u0131m d\u00fcnya \u00e7ocuklar\u0131:<br \/>\nI\u015f\u0131k \u00f6z\u00fcnden hamuru.<br \/>\nMayas\u0131 karde\u015flik, bar\u0131\u015f,<br \/>\nYapal\u0131m t\u00fckenmez ekme\u011fi;<br \/>\nSunal\u0131m yery\u00fcz\u00fc sofras\u0131na.<br \/>\nDa\u011f\u0131 ba\u011f yapan bu bilin\u00e7,<br \/>\nG\u00fcne\u015f olur \u00e7al\u0131\u015fan ellerde.<br \/>\nSava\u015f, k\u0131y\u0131m, y\u0131k\u0131m korkusu,<br \/>\nKarartmas\u0131n g\u00fcne\u015fimizi bir daha.<br \/>\n\u00d6zg\u00fcrl\u00fck, bar\u0131\u015f, karde\u015flik<br \/>\nEn k\u00f6kl\u00fc, en soylu yasa.<\/p>\n<p><strong>O\u011fuz Tansel<\/strong><br \/>\n<em>Da\u011f\u0131 \u00d6pmeler, Yap\u0131 Kredi Yay\u0131nlar\u0131, 2013.<\/em><\/p>\n<\/div>\n<p><\/p>","protected":false},"excerpt":{"rendered":"<p>B\u0130L\u0130N\u00c7 I\u015eI\u011eI Sevgi dolu y\u00fcrekleri, Can\u0131m d\u00fcnya \u00e7ocuklar\u0131: I\u015f\u0131k \u00f6z\u00fcnden hamuru. Mayas\u0131 karde\u015flik, bar\u0131\u015f, Yapal\u0131m t\u00fckenmez ekme\u011fi; Sunal\u0131m yery\u00fcz\u00fc sofras\u0131na. Da\u011f\u0131 ba\u011f yapan bu bilin\u00e7, G\u00fcne\u015f olur \u00e7al\u0131\u015fan ellerde. Sava\u015f, k\u0131y\u0131m, y\u0131k\u0131m korkusu, Karartmas\u0131n g\u00fcne\u015fimizi bir daha. \u00d6zg\u00fcrl\u00fck, bar\u0131\u015f, karde\u015flik En k\u00f6kl\u00fc, en soylu yasa. O\u011fuz Tansel Da\u011f\u0131 \u00d6pmeler, Yap\u0131 Kredi Yay\u0131nlar\u0131, 2013.<\/p>\n","protected":false},"author":1,"featured_media":0,"parent":0,"menu_order":0,"comment_status":"closed","ping_status":"open","template":"","meta":[],"_links":{"self":[{"href":"https:\/\/www.oguztansel.org\/tr\/wp-json\/wp\/v2\/pages\/11849"}],"collection":[{"href":"https:\/\/www.oguztansel.org\/tr\/wp-json\/wp\/v2\/pages"}],"about":[{"href":"https:\/\/www.oguztansel.org\/tr\/wp-json\/wp\/v2\/types\/page"}],"author":[{"embeddable":true,"href":"https:\/\/www.oguztansel.org\/tr\/wp-json\/wp\/v2\/users\/1"}],"replies":[{"embeddable":true,"href":"https:\/\/www.oguztansel.org\/tr\/wp-json\/wp\/v2\/comments?post=11849"}],"version-history":[{"count":7,"href":"https:\/\/www.oguztansel.org\/tr\/wp-json\/wp\/v2\/pages\/11849\/revisions"}],"predecessor-version":[{"id":13369,"href":"https:\/\/www.oguztansel.org\/tr\/wp-json\/wp\/v2\/pages\/11849\/revisions\/13369"}],"wp:attachment":[{"href":"https:\/\/www.oguztansel.org\/tr\/wp-json\/wp\/v2\/media?parent=11849"}],"curies":[{"name":"wp","href":"https:\/\/api.w.org\/{rel}","templated":true}]}}