{"id":11851,"date":"2015-12-03T13:46:39","date_gmt":"2015-12-03T11:46:39","guid":{"rendered":"http:\/\/www.oguztansel.org\/?page_id=11851"},"modified":"2017-04-01T08:28:44","modified_gmt":"2017-04-01T05:28:44","slug":"bir-yanardag-ortadogu","status":"publish","type":"page","link":"https:\/\/www.oguztansel.org\/tr\/bir-yanardag-ortadogu\/","title":{"rendered":"B\u0130R YANARDA\u011e ORTADO\u011eU"},"content":{"rendered":"<p><a class=\"group1\" title=\"Orhan Taylan\" href=\"http:\/\/www.oguztansel.org\/wp-content\/uploads\/2016\/08\/dsadas.jpg\"><img decoding=\"async\" loading=\"lazy\" class=\"  wp-image-12995 alignright\" style=\"margin-right: 10%;\" src=\"http:\/\/www.oguztansel.org\/wp-content\/uploads\/2016\/08\/dsadas.jpg\" alt=\"B\u0130R YANARDA\u011e ORTADO\u011eU\" width=\"196\" height=\"300\" \/><\/a><\/p>\n<div style=\"margin-left: 20%;\">\n<p style=\"text-align: left;\">\n<strong>B\u0130R YANARDA\u011e ORTADO\u011eU<\/strong><\/p>\n<p>D\u00fc\u015fle\u011fi yalazlayan buyruklar<br \/>\nY\u00fcz\u00fcn\u00fczle bin<br \/>\nHay\u0131nl\u0131\u011fa utku dersimiz<br \/>\nY\u0131ld\u0131zlar\u0131 aya\u011f\u0131l\u0131nda yumal\u0131<br \/>\nKaraya\u015fmakl\u0131 \u00f6l\u00fcm melekleri<br \/>\nCanevimi may\u0131nlad\u0131n\u0131z<br \/>\nKanderelerinizle \u00f6\u011f\u00fcnd\u00fcn\u00fcz<br \/>\nDo\u011fa bezim<br \/>\n\u00c7\u0131\u011flar ya\u011fd\u0131rd\u0131n\u0131z<br \/>\nY\u00fcz\u00fcn\u00fczle bin.<\/p>\n<p>G\u00fcne\u015f suyunda yunmal\u0131 aylar<br \/>\nHi\u00e7 bal m\u0131 olur a\u011fudan?<br \/>\nB\u00f6l\u00fc\u015f\u00fcl\u00fcr toylar d\u00fc\u011f\u00fcnler<br \/>\nB\u00f6l\u00fc\u015f\u00fcl\u00fcr t\u00fcrk\u00fcler<br \/>\nDe\u011fi\u015f \u00f6re \u00e7evirdiniz<br \/>\nSat\u0131lm\u0131\u015f kara ya\u015fmak<br \/>\nBin y\u00fcz\u00fcn\u00fczle ya\u011fd\u0131rd\u0131n\u0131z \u00e7\u0131\u011flar\u0131.<\/p>\n<p>Adem\u2019le Havva\u2019n\u0131n torunlar\u0131<br \/>\nBirim birim \u00e7evirin<br \/>\nA\u011f\u0131tl\u0131 yapraklar\u0131n\u0131 tarihin<br \/>\nAnl\u0131 \u015fanl\u0131 \u015fehit d\u00f6lleri<br \/>\nA\u011fudan bal olur mu?<br \/>\nO evler o y\u00fcrekler benim<br \/>\nBin y\u00fcz\u00fcn\u00fczle<br \/>\n\u00c7\u0131\u011flar ya\u011fd\u0131rd\u0131n\u0131z.<\/p>\n<p>Fidanlar\u0131 yokeden ke\u00e7iler<br \/>\n\u00c7orakla\u015ft\u0131 tarihimiz<br \/>\n\u00c7evrenler a\u011fard\u0131 a\u011faracak<br \/>\nHadi \u00e7oban \u00e7al kaval\u0131n\u0131<br \/>\n\u00c7i\u00e7eklensin ellerimiz.<\/p>\n<p>Yavrusuna d\u00f6nemeyen Memetlerim<br \/>\n\u00d6mr\u00fcn\u00fcze d\u00fc\u015ft\u00fc \u00e7\u0131\u011f<br \/>\nSilahlara da d\u00fc\u015fecek bir g\u00fcn<br \/>\nK\u00f6yler silindi haritadan<br \/>\nHadi \u00c7oban \u00e7al kaval\u0131n\u0131<br \/>\n\u00c7i\u00e7eklensin dillerimiz.<\/p>\n<p><strong>O\u011fuz Tansel<\/strong><br \/>\n<em>Da\u011f\u0131 \u00d6pmeler, Yap\u0131 Kredi Yay\u0131nlar\u0131, 2013.<\/em>\n<\/p>\n<\/div>\n<p><\/p>","protected":false},"excerpt":{"rendered":"<p>B\u0130R YANARDA\u011e ORTADO\u011eU D\u00fc\u015fle\u011fi yalazlayan buyruklar Y\u00fcz\u00fcn\u00fczle bin Hay\u0131nl\u0131\u011fa utku dersimiz Y\u0131ld\u0131zlar\u0131 aya\u011f\u0131l\u0131nda yumal\u0131 Karaya\u015fmakl\u0131 \u00f6l\u00fcm melekleri Canevimi may\u0131nlad\u0131n\u0131z Kanderelerinizle \u00f6\u011f\u00fcnd\u00fcn\u00fcz Do\u011fa bezim \u00c7\u0131\u011flar ya\u011fd\u0131rd\u0131n\u0131z Y\u00fcz\u00fcn\u00fczle bin. G\u00fcne\u015f suyunda yunmal\u0131 aylar Hi\u00e7 bal m\u0131 olur a\u011fudan? B\u00f6l\u00fc\u015f\u00fcl\u00fcr toylar d\u00fc\u011f\u00fcnler B\u00f6l\u00fc\u015f\u00fcl\u00fcr t\u00fcrk\u00fcler De\u011fi\u015f \u00f6re \u00e7evirdiniz Sat\u0131lm\u0131\u015f kara ya\u015fmak Bin y\u00fcz\u00fcn\u00fczle ya\u011fd\u0131rd\u0131n\u0131z \u00e7\u0131\u011flar\u0131. Adem\u2019le Havva\u2019n\u0131n torunlar\u0131 Birim [&hellip;]<\/p>\n","protected":false},"author":1,"featured_media":0,"parent":0,"menu_order":0,"comment_status":"open","ping_status":"open","template":"","meta":[],"_links":{"self":[{"href":"https:\/\/www.oguztansel.org\/tr\/wp-json\/wp\/v2\/pages\/11851"}],"collection":[{"href":"https:\/\/www.oguztansel.org\/tr\/wp-json\/wp\/v2\/pages"}],"about":[{"href":"https:\/\/www.oguztansel.org\/tr\/wp-json\/wp\/v2\/types\/page"}],"author":[{"embeddable":true,"href":"https:\/\/www.oguztansel.org\/tr\/wp-json\/wp\/v2\/users\/1"}],"replies":[{"embeddable":true,"href":"https:\/\/www.oguztansel.org\/tr\/wp-json\/wp\/v2\/comments?post=11851"}],"version-history":[{"count":12,"href":"https:\/\/www.oguztansel.org\/tr\/wp-json\/wp\/v2\/pages\/11851\/revisions"}],"predecessor-version":[{"id":13393,"href":"https:\/\/www.oguztansel.org\/tr\/wp-json\/wp\/v2\/pages\/11851\/revisions\/13393"}],"wp:attachment":[{"href":"https:\/\/www.oguztansel.org\/tr\/wp-json\/wp\/v2\/media?parent=11851"}],"curies":[{"name":"wp","href":"https:\/\/api.w.org\/{rel}","templated":true}]}}