{"id":11959,"date":"2015-12-20T22:55:52","date_gmt":"2015-12-20T20:55:52","guid":{"rendered":"http:\/\/www.oguztansel.org\/?page_id=11959"},"modified":"2017-03-15T21:21:58","modified_gmt":"2017-03-15T18:21:58","slug":"dili-ve-masallari","status":"publish","type":"page","link":"https:\/\/www.oguztansel.org\/tr\/dili-ve-masallari\/","title":{"rendered":"Dili ve Masallar\u0131"},"content":{"rendered":"<div class=\"fusion-recent-posts avada-container layout-default layout-columns-1\"><section class=\"fusion-columns columns fusion-columns-1 columns-1\"><div class=\"fusion-column column col col-lg-12 col-md-12 col-sm-12\"><div class=\"recent-posts-content\"><span class=\"vcard\" style=\"display: none;\"><span class=\"fn\"><a href=\"https:\/\/www.oguztansel.org\/tr\/author\/yonetim\/\" title=\"yonetim taraf\u0131ndan yaz\u0131lan yaz\u0131lar\" rel=\"author\">yonetim<\/a><\/span><\/span><span class=\"updated\" style=\"display:none;\">2018-10-19T23:08:47+00:00<\/span><h4 class=\"entry-title\"><a href=\"https:\/\/www.oguztansel.org\/tr\/mavisel-yener-baliklari-konusturan-daglari-open-masalci-oguz-tansel\/\">Mavisel YENER, BALIKLARI KONU\u015eTURAN, DA\u011eLARI \u00d6PEN MASALCI: O\u011eUZ TANSEL<\/a><\/h4><\/div><\/div><div class=\"fusion-clearfix\"><\/div><div class=\"fusion-column column col col-lg-12 col-md-12 col-sm-12\"><div class=\"recent-posts-content\"><span class=\"vcard\" style=\"display: none;\"><span class=\"fn\"><a href=\"https:\/\/www.oguztansel.org\/tr\/author\/yonetim\/\" title=\"yonetim taraf\u0131ndan yaz\u0131lan yaz\u0131lar\" rel=\"author\">yonetim<\/a><\/span><\/span><span class=\"updated\" style=\"display:none;\">2018-10-19T23:08:34+00:00<\/span><h4 class=\"entry-title\"><a href=\"https:\/\/www.oguztansel.org\/tr\/emir-ilhan-sozden-yaziya-degil-yazidan-soze-oguz-tanselin-masal-evreni\/\">Emir \u0130LHAN, S\u00d6ZDEN YAZIYA DE\u011e\u0130L, YAZIDAN S\u00d6ZE O\u011eUZ TANSEL&#8217;\u0130N MASAL EVREN\u0130<\/a><\/h4><\/div><\/div><div class=\"fusion-clearfix\"><\/div><\/section><\/div>\n","protected":false},"excerpt":{"rendered":"","protected":false},"author":1,"featured_media":0,"parent":0,"menu_order":0,"comment_status":"closed","ping_status":"open","template":"","meta":[],"_links":{"self":[{"href":"https:\/\/www.oguztansel.org\/tr\/wp-json\/wp\/v2\/pages\/11959"}],"collection":[{"href":"https:\/\/www.oguztansel.org\/tr\/wp-json\/wp\/v2\/pages"}],"about":[{"href":"https:\/\/www.oguztansel.org\/tr\/wp-json\/wp\/v2\/types\/page"}],"author":[{"embeddable":true,"href":"https:\/\/www.oguztansel.org\/tr\/wp-json\/wp\/v2\/users\/1"}],"replies":[{"embeddable":true,"href":"https:\/\/www.oguztansel.org\/tr\/wp-json\/wp\/v2\/comments?post=11959"}],"version-history":[{"count":4,"href":"https:\/\/www.oguztansel.org\/tr\/wp-json\/wp\/v2\/pages\/11959\/revisions"}],"predecessor-version":[{"id":13334,"href":"https:\/\/www.oguztansel.org\/tr\/wp-json\/wp\/v2\/pages\/11959\/revisions\/13334"}],"wp:attachment":[{"href":"https:\/\/www.oguztansel.org\/tr\/wp-json\/wp\/v2\/media?parent=11959"}],"curies":[{"name":"wp","href":"https:\/\/api.w.org\/{rel}","templated":true}]}}