{"id":11966,"date":"2015-12-23T20:53:46","date_gmt":"2015-12-23T18:53:46","guid":{"rendered":"http:\/\/www.oguztansel.org\/?page_id=11966"},"modified":"2018-09-29T12:11:20","modified_gmt":"2018-09-29T09:11:20","slug":"secici-kurul-uyeleri","status":"publish","type":"page","link":"https:\/\/www.oguztansel.org\/tr\/secici-kurul-uyeleri\/","title":{"rendered":"Se\u00e7ici Kurul \u00dcyeleri"},"content":{"rendered":"<p><strong>O\u011eUZ TANSEL YAZIN \u00d6D\u00dcL\u00dc SE\u00c7\u0130C\u0130 KURUL \u00dcYELER\u0130<\/strong><\/p>\n<p>&nbsp;<\/p>\n<p>O\u011fuz Tansel 2019 \u015eiir \u00d6d\u00fcl\u00fc Se\u00e7ici Kurul \u00dcyeleri:<\/p>\n<p><strong>Eray Canberk, Erg\u00fcl \u00c7etin, Haydar Erg\u00fclen, Prof.Dr. Cevat Geray, \u0130lhan G\u00fclek ve Metin Turan<\/strong><\/p>\n<p>&nbsp;<\/p>\n<p>O\u011fuz Tansel 2018 Halkbilim \u00d6d\u00fcl\u00fc Se\u00e7ici Kurul \u00dcyeleri:<\/p>\n<p><strong>Prof. Dr. Serpil Ayg\u00fcn Cengiz, Prof. Dr. Cevat Geray (Ba\u015fkan), \u0130lhan G\u00fclek, Prof. Dr. Metin Karada\u011f, Metin Turan\u00a0<\/strong><\/p>\n<p>&nbsp;<\/p>\n<p>O\u011fuz Tansel 2017 \u00c7ocuk Yaz\u0131n\u0131 \u00d6d\u00fcl\u00fc Se\u00e7ici Kurul \u00dcyeleri:<\/p>\n<p><strong>Prof. Dr. Cevat Geray (Ba\u015fkan), Prof. Dr. Sedat Sever, Prof. Dr. Medine Sivri, \u0130lhan G\u00fclek, Metin Turan\u00a0<\/strong><\/p>\n<p>&nbsp;<\/p>\n<p>O\u011fuz Tansel 2016 \u015eiir \u00d6d\u00fcl\u00fc Se\u00e7ici Kurul \u00dcyeleri:<\/p>\n<p><strong>M\u00fcslim \u00c7elik<\/strong>, <strong>Erg\u00fcl \u00c7etin<\/strong>, <strong>Prof. Dr. Cevat Geray (Ba\u015fkan), \u0130lhan G\u00fclek <\/strong>ve <strong>Metin Turan<\/strong><\/p>\n<p>&nbsp;<\/p>\n<p>O\u011fuz Tansel 2015 Halkbilim \u00d6d\u00fcl\u00fc Se\u00e7ici Kurul \u00dcyeleri:<\/p>\n<p><strong>Prof. Dr. Cevat Geray (Ba\u015fkan), \u0130lhan G\u00fclek,\u00a0 Prof. Dr. Aynur Ko\u00e7ak, Prof. Dr. Muhtar Kutlu,\u00a0 Prof. Dr. Ali Yak\u0131c\u0131 ve Metin Turan<\/strong><\/p>\n<p>&nbsp;<\/p>\n<p>O\u011fuz Tansel 2014 \u00c7ocuk Yaz\u0131n\u0131 \u00d6d\u00fcl\u00fc Se\u00e7ici Kurul \u00dcyeleri:<\/p>\n<p><strong>Prof. Dr. Cevat Geray (Ba\u015fkan), Prof. Dr. Sedat Sever, Do\u00e7. Dr. Medine Sivri, \u0130lhan G\u00fclek ve Metin Turan.<\/strong><\/p>\n<p>&nbsp;<\/p>\n<p>O\u011fuz Tansel 2013 \u015eiir \u00d6d\u00fcl\u00fc Se\u00e7ici Kurul \u00dcyeleri:<\/p>\n<p><strong>Eray Canberk, Refik Durba\u015f, Prof. Dr. Cevat Geray (Ba\u015fkan), \u0130lhan G\u00fclek,\u00a0 ve Metin Turan.<\/strong><\/p>\n<p>&nbsp;<\/p>\n<p>O\u011fuz Tansel 2012 Halkbilim \u00d6d\u00fcl\u00fc Se\u00e7ici Kurul \u00dcyeleri:<\/p>\n<p><strong>Prof. Dr. Ali R\u0131za Balaman, Prof. Dr. \u0130lhan Ba\u015fg\u00f6z, <\/strong>\u00a0<strong>Prof. Dr. Cevat Geray (Ba\u015fkan), \u0130lhan G\u00fclek,\u00a0 Prof. Dr. Muhtar Kutlu, Prof. Dr. Arzu \u00d6zt\u00fcrkmen ve Metin Turan.<\/strong><\/p>\n<p>&nbsp;<\/p>\n<p>O\u011fuz Tansel 2011 \u00c7ocuk Yaz\u0131n\u0131 \u00d6d\u00fcl\u00fc Se\u00e7ici Kurul \u00dcyeleri:<\/p>\n<p><strong>Alper Ak\u00e7am,<\/strong> <strong>Prof. Dr. Cevat Geray (Ba\u015fkan), Hidayet Karaku\u015f, Prof. Dr. Sedat Sever ve Metin Turan<\/strong><br \/>\nO\u011fuz Tansel 2010 Halkbilim \u00d6d\u00fcl\u00fc Se\u00e7ici Kurul \u00dcyeleri:<\/p>\n<p><strong>Prof. Dr. Ali R\u0131za Balaman, Prof. Dr. \u0130lhan Ba\u015fg\u00f6z, <\/strong>\u00a0<strong>Prof. Dr. Cevat Geray (Ba\u015fkan), \u0130lhan G\u00fclek,\u00a0 Do\u00e7. Dr. Muhtar Kutlu, Do\u00e7 Dr. N\u00fcket T\u00f6r ve Metin Turan.<\/strong><\/p>\n<p>&nbsp;<\/p>\n<p>O\u011fuz Tansel 2009 \u015eiir \u00d6d\u00fcl\u00fc Se\u00e7ici Kurul \u00dcyeleri:<\/p>\n<p><strong>Prof. Dr. Cevat Geray (Ba\u015fkan), G\u00fcnay G\u00fcner, Remzi \u0130nan\u00e7<\/strong>, <strong>Naz\u0131m Mutlu<\/strong>, <strong>Ahmet \u00d6zer,<\/strong> <strong>Ertu\u011frul \u00d6z\u00fcayd\u0131n, A. Kadir Paksoy, Prof. Dr. Sedat Sever <\/strong>ve<strong> Metin Turan.<\/strong><\/p>","protected":false},"excerpt":{"rendered":"<p>O\u011eUZ TANSEL YAZIN \u00d6D\u00dcL\u00dc SE\u00c7\u0130C\u0130 KURUL \u00dcYELER\u0130 &nbsp; O\u011fuz Tansel 2019 \u015eiir \u00d6d\u00fcl\u00fc Se\u00e7ici Kurul \u00dcyeleri: Eray Canberk, Erg\u00fcl \u00c7etin, Haydar Erg\u00fclen, Prof.Dr. Cevat Geray, \u0130lhan G\u00fclek ve Metin Turan &nbsp; O\u011fuz Tansel 2018 Halkbilim \u00d6d\u00fcl\u00fc Se\u00e7ici Kurul \u00dcyeleri: Prof. Dr. Serpil Ayg\u00fcn Cengiz, Prof. Dr. Cevat Geray (Ba\u015fkan), \u0130lhan G\u00fclek, Prof. Dr. Metin Karada\u011f, [&hellip;]<\/p>\n","protected":false},"author":1,"featured_media":0,"parent":0,"menu_order":0,"comment_status":"closed","ping_status":"open","template":"","meta":[],"_links":{"self":[{"href":"https:\/\/www.oguztansel.org\/tr\/wp-json\/wp\/v2\/pages\/11966"}],"collection":[{"href":"https:\/\/www.oguztansel.org\/tr\/wp-json\/wp\/v2\/pages"}],"about":[{"href":"https:\/\/www.oguztansel.org\/tr\/wp-json\/wp\/v2\/types\/page"}],"author":[{"embeddable":true,"href":"https:\/\/www.oguztansel.org\/tr\/wp-json\/wp\/v2\/users\/1"}],"replies":[{"embeddable":true,"href":"https:\/\/www.oguztansel.org\/tr\/wp-json\/wp\/v2\/comments?post=11966"}],"version-history":[{"count":15,"href":"https:\/\/www.oguztansel.org\/tr\/wp-json\/wp\/v2\/pages\/11966\/revisions"}],"predecessor-version":[{"id":13565,"href":"https:\/\/www.oguztansel.org\/tr\/wp-json\/wp\/v2\/pages\/11966\/revisions\/13565"}],"wp:attachment":[{"href":"https:\/\/www.oguztansel.org\/tr\/wp-json\/wp\/v2\/media?parent=11966"}],"curies":[{"name":"wp","href":"https:\/\/api.w.org\/{rel}","templated":true}]}}