{"id":12990,"date":"2016-05-05T19:55:01","date_gmt":"2016-05-05T16:55:01","guid":{"rendered":"http:\/\/www.oguztansel.org\/?page_id=12990"},"modified":"2016-05-12T09:33:34","modified_gmt":"2016-05-12T06:33:34","slug":"kristal-yontu","status":"publish","type":"page","link":"https:\/\/www.oguztansel.org\/tr\/kristal-yontu\/","title":{"rendered":"Kristal Yontu"},"content":{"rendered":"<p><\/p>\n<p style=\"text-align: center;\">O\u011fuz Tansel Yaz\u0131n \u00d6d\u00fcl\u00fc Kristal Yontu<\/p>\n<p><a href=\"http:\/\/www.oguztansel.org\/wp-content\/uploads\/2016\/05\/de54bab9-cdee-49f3-9be7-eb1beace28ee.jpg\"><img decoding=\"async\" loading=\"lazy\" class=\" size-full wp-image-12991 aligncenter\" src=\"http:\/\/www.oguztansel.org\/wp-content\/uploads\/2016\/05\/de54bab9-cdee-49f3-9be7-eb1beace28ee.jpg\" alt=\"de54bab9-cdee-49f3-9be7-eb1beace28ee\" width=\"460\" height=\"768\" srcset=\"https:\/\/www.oguztansel.org\/wp-content\/uploads\/2016\/05\/de54bab9-cdee-49f3-9be7-eb1beace28ee.jpg 460w, https:\/\/www.oguztansel.org\/wp-content\/uploads\/2016\/05\/de54bab9-cdee-49f3-9be7-eb1beace28ee-180x300.jpg 180w\" sizes=\"(max-width: 460px) 100vw, 460px\" \/><\/a><\/p>","protected":false},"excerpt":{"rendered":"<p>O\u011fuz Tansel Yaz\u0131n \u00d6d\u00fcl\u00fc Kristal Yontu<\/p>\n","protected":false},"author":1,"featured_media":0,"parent":0,"menu_order":0,"comment_status":"closed","ping_status":"open","template":"","meta":[],"_links":{"self":[{"href":"https:\/\/www.oguztansel.org\/tr\/wp-json\/wp\/v2\/pages\/12990"}],"collection":[{"href":"https:\/\/www.oguztansel.org\/tr\/wp-json\/wp\/v2\/pages"}],"about":[{"href":"https:\/\/www.oguztansel.org\/tr\/wp-json\/wp\/v2\/types\/page"}],"author":[{"embeddable":true,"href":"https:\/\/www.oguztansel.org\/tr\/wp-json\/wp\/v2\/users\/1"}],"replies":[{"embeddable":true,"href":"https:\/\/www.oguztansel.org\/tr\/wp-json\/wp\/v2\/comments?post=12990"}],"version-history":[{"count":3,"href":"https:\/\/www.oguztansel.org\/tr\/wp-json\/wp\/v2\/pages\/12990\/revisions"}],"predecessor-version":[{"id":13002,"href":"https:\/\/www.oguztansel.org\/tr\/wp-json\/wp\/v2\/pages\/12990\/revisions\/13002"}],"wp:attachment":[{"href":"https:\/\/www.oguztansel.org\/tr\/wp-json\/wp\/v2\/media?parent=12990"}],"curies":[{"name":"wp","href":"https:\/\/api.w.org\/{rel}","templated":true}]}}