{"id":13575,"date":"2018-09-29T12:52:26","date_gmt":"2018-09-29T09:52:26","guid":{"rendered":"http:\/\/www.oguztansel.org\/?page_id=13575"},"modified":"2018-09-29T18:11:12","modified_gmt":"2018-09-29T15:11:12","slug":"adamla-cocuk","status":"publish","type":"page","link":"https:\/\/www.oguztansel.org\/tr\/adamla-cocuk\/","title":{"rendered":"ADAMLA \u00c7OCUK"},"content":{"rendered":"<p><a class=\"group1\" title=\"Vincent van Gogh\" href=\"http:\/\/www.oguztansel.org\/wp-content\/uploads\/2018\/09\/van-gogh-boy.jpg\"><img decoding=\"async\" loading=\"lazy\" class=\"wp-image-12995 alignright\" style=\"margin-right: 20%;\" src=\"http:\/\/www.oguztansel.org\/wp-content\/uploads\/2018\/09\/van-gogh-boy.jpg\" alt=\"A MAN AND THE CHILD\" width=\"200\" height=\"463\" \/><\/a><\/p>\n<div style=\"margin-left: 20%;\">\n<p style=\"text-align: left;\">\n<strong>ADAMLA \u00c7OCUK<\/strong><\/p>\n<p>Bir sevin\u00e7 par\u0131lt\u0131s\u0131 \u0131\u015f\u0131k tuttu yoluma<br \/>\nBir adam bir kad\u0131n s\u0131rt\u0131nda o\u011flu<br \/>\nY\u00fcr\u00fcyorlard\u0131 boyuna<br \/>\nMemet kediniz varm\u0131 var<br \/>\nKedinizin a\u011fz\u0131 burnu var<br \/>\nBurnunda delikler b\u0131y\u0131klar var<br \/>\nA\u011fz\u0131nda dili var m\u0131 be<br \/>\nA\u011fz\u0131 var day\u0131 dili yok<br \/>\nKuyru\u011fu deste deste<\/p>\n<p><strong>O\u011fuz Tansel<\/strong><br \/>\n<em>Mutluluk Pe\u015finde, Evrensel Bas\u0131m Yay\u0131n, 2013.<\/em>\n<\/p>\n<\/div>\n<p><\/p>","protected":false},"excerpt":{"rendered":"<p>ADAMLA \u00c7OCUK Bir sevin\u00e7 par\u0131lt\u0131s\u0131 \u0131\u015f\u0131k tuttu yoluma Bir adam bir kad\u0131n s\u0131rt\u0131nda o\u011flu Y\u00fcr\u00fcyorlard\u0131 boyuna Memet kediniz varm\u0131 var Kedinizin a\u011fz\u0131 burnu var Burnunda delikler b\u0131y\u0131klar var A\u011fz\u0131nda dili var m\u0131 be A\u011fz\u0131 var day\u0131 dili yok Kuyru\u011fu deste deste O\u011fuz Tansel Mutluluk Pe\u015finde, Evrensel Bas\u0131m Yay\u0131n, 2013.<\/p>\n","protected":false},"author":1,"featured_media":0,"parent":0,"menu_order":0,"comment_status":"closed","ping_status":"closed","template":"","meta":[],"_links":{"self":[{"href":"https:\/\/www.oguztansel.org\/tr\/wp-json\/wp\/v2\/pages\/13575"}],"collection":[{"href":"https:\/\/www.oguztansel.org\/tr\/wp-json\/wp\/v2\/pages"}],"about":[{"href":"https:\/\/www.oguztansel.org\/tr\/wp-json\/wp\/v2\/types\/page"}],"author":[{"embeddable":true,"href":"https:\/\/www.oguztansel.org\/tr\/wp-json\/wp\/v2\/users\/1"}],"replies":[{"embeddable":true,"href":"https:\/\/www.oguztansel.org\/tr\/wp-json\/wp\/v2\/comments?post=13575"}],"version-history":[{"count":4,"href":"https:\/\/www.oguztansel.org\/tr\/wp-json\/wp\/v2\/pages\/13575\/revisions"}],"predecessor-version":[{"id":13585,"href":"https:\/\/www.oguztansel.org\/tr\/wp-json\/wp\/v2\/pages\/13575\/revisions\/13585"}],"wp:attachment":[{"href":"https:\/\/www.oguztansel.org\/tr\/wp-json\/wp\/v2\/media?parent=13575"}],"curies":[{"name":"wp","href":"https:\/\/api.w.org\/{rel}","templated":true}]}}