{"id":13634,"date":"2019-10-26T21:49:40","date_gmt":"2019-10-26T18:49:40","guid":{"rendered":"http:\/\/www.oguztansel.org\/?page_id=13634"},"modified":"2019-10-26T21:49:40","modified_gmt":"2019-10-26T18:49:40","slug":"masal-tuccari","status":"publish","type":"page","link":"https:\/\/www.oguztansel.org\/tr\/masal-tuccari\/","title":{"rendered":"MASAL T\u00dcCCARI"},"content":{"rendered":"<p><\/p>\n<div style=\"margin-left: 20%;\">\n<p><strong>MASAL T\u00dcCCARI<\/strong><\/p>\n<p>Louis Aragon\u2019a<\/p>\n<p>&nbsp;<\/p>\n<p>Zaman t\u00fcccar\u0131y\u0131m ben<\/p>\n<p>Kurtar\u0131c\u0131 d\u00fc\u015fler satar\u0131m<\/p>\n<p>Y\u00fcrekten y\u00fcre\u011fe<\/p>\n<p>Elinizi vicdan\u0131n\u0131za koyun bir kez<\/p>\n<p>\u00c7i\u00e7ekler satar\u0131m<\/p>\n<p>\u0130plik satar\u0131m sessizli\u011fi diken<\/p>\n<p>Tan\u0131r\u0131m g\u00f6llerin tuhaf sevgisini<\/p>\n<p>T\u00fcccar\u0131m g\u00f6r\u00fcyorsunuz bak\u0131\u015flar\u0131m\u0131<\/p>\n<p>G\u00f6klerin yerlerin dokudu\u011fu<\/p>\n<p>Orda y\u0131ld\u0131zlar ormanlar nehirler<\/p>\n<p>Kar\u0131\u015fm\u0131\u015f al\u0131n terine<\/p>\n<p>I\u015f\u0131kl\u0131 g\u00f6lgeli i\u015fletme alan\u0131<\/p>\n<p>Kolar\u0131n eme\u011fine<\/p>\n<p>T\u00fcccar\u0131m ben paralar\u0131 geri veriniz<\/p>\n<p>Tarihin an\u0131lar\u0131n<\/p>\n<p>Geri veriniz k\u0131r\u0131lm\u0131\u015f d\u00fc\u015flerimin<\/p>\n<p>Ezilmi\u015flerin paralar\u0131n\u0131<\/p>\n<p>Yumurta gibi ezilmi\u015f y\u00fcrek i\u00e7in<\/p>\n<p>Ya\u015fam\u0131 t\u00fcm yok edilmi\u015f yurt i\u00e7in<\/p>\n<p>K\u00f6le edilmi\u015f halk i\u00e7in ate\u015fi silahlarla<\/p>\n<p>Yas i\u00e7in rayici biliyorsunuz<\/p>\n<p>Hemen \u00f6demek gerek bir bak\u0131\u015fta<\/p>\n<p>T\u00fcccar\u0131m t\u00fcccar g\u00fcnler boyunca<\/p>\n<p>Unutulmu\u015fun t\u00fcccar\u0131 a\u015fk\u0131n t\u00fcccar\u0131<\/p>\n<p>Hayallerin y\u00fcksek caddelerinde<\/p>\n<p>Zaman yollar\u0131nda \u015firinde sokaklar\u0131n<\/p>\n<p>Biricik y\u00fck\u00fcm g\u00f6lgemi s\u00fcr\u00fcklerim<\/p>\n<p>Tambur \u00e7alarak<\/p>\n<p>Kaynaklar\u0131n \u00e7a\u011flar\u0131n \u00e7a\u011fr\u0131s\u0131n\u0131 \u00e7alarak<\/p>\n<p>Sokaklar\u0131n k\u0131m\u0131ldan\u0131\u015f\u0131nda sallanan<\/p>\n<p>Ellerimden ba\u015fka yok verecek \u015feyim<\/p>\n<p>S\u00fcrmek i\u00e7in umutlu sabah \u0131\u015f\u0131klar\u0131n\u0131<\/p>\n<p>Yine de g\u00f6vdemi saban gibi \u00e7ekerim<\/p>\n<p>\u0130nsanl\u0131\u011f\u0131n mutlulu\u011funu \u00f6\u011f\u00fcten<\/p>\n<p>Sonsuzluk de\u011firmenlerini \u00e7eviren<\/p>\n<p>Taneli s\u00f6zlerin geri veriniz paralar\u0131n\u0131<\/p>\n<p>&nbsp;<\/p>\n<p>Bu t\u00fcrk\u00fcden ba\u015fka verecek \u015feyim yok<\/p>\n<p>Alev dolu s\u00f6zc\u00fcklerden<\/p>\n<p>S\u00f6zc\u00fckler i\u00e7in \u00f6rs t\u00fcccar\u0131y\u0131m ben<\/p>\n<p>Ellerimin i\u00e7ine bak\u0131n \u00e7izgiler i\u00e7inde<\/p>\n<p>Zaman yoktur \u00e7izgilerin kar\u0131\u015f\u0131m\u0131nda<\/p>\n<p>Y\u00fcre\u011fimi b\u0131rakt\u0131m bir kayan\u0131n kovu\u011funa<\/p>\n<p>R\u00fczgarda gidiyorum yollarda gidiyorum<\/p>\n<p>T\u00fcccar\u0131m t\u00fcccar ama dinleyenim yok<\/p>\n<p>\u00c7\u00fcnk\u00fc bir t\u00fcrk\u00fc satt\u0131\u011f\u0131m<\/p>\n<p>Gelece\u011fi satar\u0131m biricik \u00e7i\u00e7ek<\/p>\n<p>&nbsp;<\/p>\n<p>Charles Dobzynsky\u2019den \u00a0\u00c7eviren O\u011fuz Tansel<\/p>\n<p>Dost Dergisi, Haziran 1958<\/p>\n<p>Cilt 2, Say\u0131 9, ss.42-43<\/p>\n<\/div>\n<p><\/p>","protected":false},"excerpt":{"rendered":"<p>MASAL T\u00dcCCARI Louis Aragon\u2019a &nbsp; Zaman t\u00fcccar\u0131y\u0131m ben Kurtar\u0131c\u0131 d\u00fc\u015fler satar\u0131m Y\u00fcrekten y\u00fcre\u011fe Elinizi vicdan\u0131n\u0131za koyun bir kez \u00c7i\u00e7ekler satar\u0131m \u0130plik satar\u0131m sessizli\u011fi diken Tan\u0131r\u0131m g\u00f6llerin tuhaf sevgisini T\u00fcccar\u0131m g\u00f6r\u00fcyorsunuz bak\u0131\u015flar\u0131m\u0131 G\u00f6klerin yerlerin dokudu\u011fu Orda y\u0131ld\u0131zlar ormanlar nehirler Kar\u0131\u015fm\u0131\u015f al\u0131n terine I\u015f\u0131kl\u0131 g\u00f6lgeli i\u015fletme alan\u0131 Kolar\u0131n eme\u011fine T\u00fcccar\u0131m ben paralar\u0131 geri veriniz Tarihin an\u0131lar\u0131n Geri [&hellip;]<\/p>\n","protected":false},"author":1,"featured_media":0,"parent":0,"menu_order":0,"comment_status":"closed","ping_status":"closed","template":"","meta":[],"_links":{"self":[{"href":"https:\/\/www.oguztansel.org\/tr\/wp-json\/wp\/v2\/pages\/13634"}],"collection":[{"href":"https:\/\/www.oguztansel.org\/tr\/wp-json\/wp\/v2\/pages"}],"about":[{"href":"https:\/\/www.oguztansel.org\/tr\/wp-json\/wp\/v2\/types\/page"}],"author":[{"embeddable":true,"href":"https:\/\/www.oguztansel.org\/tr\/wp-json\/wp\/v2\/users\/1"}],"replies":[{"embeddable":true,"href":"https:\/\/www.oguztansel.org\/tr\/wp-json\/wp\/v2\/comments?post=13634"}],"version-history":[{"count":1,"href":"https:\/\/www.oguztansel.org\/tr\/wp-json\/wp\/v2\/pages\/13634\/revisions"}],"predecessor-version":[{"id":13635,"href":"https:\/\/www.oguztansel.org\/tr\/wp-json\/wp\/v2\/pages\/13634\/revisions\/13635"}],"wp:attachment":[{"href":"https:\/\/www.oguztansel.org\/tr\/wp-json\/wp\/v2\/media?parent=13634"}],"curies":[{"name":"wp","href":"https:\/\/api.w.org\/{rel}","templated":true}]}}