{"id":13638,"date":"2019-10-26T21:52:50","date_gmt":"2019-10-26T18:52:50","guid":{"rendered":"http:\/\/www.oguztansel.org\/?page_id=13638"},"modified":"2019-10-26T21:52:50","modified_gmt":"2019-10-26T18:52:50","slug":"haylaz-ogrenci","status":"publish","type":"page","link":"https:\/\/www.oguztansel.org\/tr\/haylaz-ogrenci\/","title":{"rendered":"HAYLAZ \u00d6\u011eRENC\u0130"},"content":{"rendered":"<p><\/p>\n<div style=\"margin-left: 20%;\">\n<p><strong>HAYLAZ \u00d6\u011eRENC\u0130<\/strong><\/p>\n<p>&nbsp;<\/p>\n<p>Ba\u015f\u0131yla hay\u0131r der<\/p>\n<p>Ama y\u00fcre\u011fiyle evet<\/p>\n<p>Evet der sevdi\u011fine<\/p>\n<p>Hay\u0131r der \u00f6\u011fretmene<\/p>\n<p>Ayakta durur<\/p>\n<p>B\u00fct\u00fcn sorunlar<\/p>\n<p>Ona sorulur<\/p>\n<p>Birden makaralar\u0131 koyverir<\/p>\n<p>Her \u015feyi siler<\/p>\n<p>S\u00f6zc\u00fckleri say\u0131lar\u0131<\/p>\n<p>Tarihleri adlar\u0131<\/p>\n<p>T\u00fcmceleri hileleri<\/p>\n<p>Kulak asmaz \u00f6\u011fretmenin g\u00f6zda\u011f\u0131na<\/p>\n<p>Harika \u00e7ocuklar\u0131n yuhalar\u0131na<\/p>\n<p>B\u00fct\u00fcn renkli tebe\u015firlerle<\/p>\n<p>Felaketin kara tahtas\u0131na<\/p>\n<p>Mutlulu\u011fun y\u00fcz\u00fcn\u00fc resmeder<\/p>\n<p>&nbsp;<\/p>\n<p>Jacques Pr\u00e9vert\u2019den\u00a0 \u00e7eviren O\u011fuz Tansel<\/p>\n<\/div>\n<p><\/p>","protected":false},"excerpt":{"rendered":"<p>HAYLAZ \u00d6\u011eRENC\u0130 &nbsp; Ba\u015f\u0131yla hay\u0131r der Ama y\u00fcre\u011fiyle evet Evet der sevdi\u011fine Hay\u0131r der \u00f6\u011fretmene Ayakta durur B\u00fct\u00fcn sorunlar Ona sorulur Birden makaralar\u0131 koyverir Her \u015feyi siler S\u00f6zc\u00fckleri say\u0131lar\u0131 Tarihleri adlar\u0131 T\u00fcmceleri hileleri Kulak asmaz \u00f6\u011fretmenin g\u00f6zda\u011f\u0131na Harika \u00e7ocuklar\u0131n yuhalar\u0131na B\u00fct\u00fcn renkli tebe\u015firlerle Felaketin kara tahtas\u0131na Mutlulu\u011fun y\u00fcz\u00fcn\u00fc resmeder &nbsp; Jacques Pr\u00e9vert\u2019den\u00a0 \u00e7eviren O\u011fuz Tansel<\/p>\n","protected":false},"author":1,"featured_media":0,"parent":0,"menu_order":0,"comment_status":"closed","ping_status":"closed","template":"","meta":[],"_links":{"self":[{"href":"https:\/\/www.oguztansel.org\/tr\/wp-json\/wp\/v2\/pages\/13638"}],"collection":[{"href":"https:\/\/www.oguztansel.org\/tr\/wp-json\/wp\/v2\/pages"}],"about":[{"href":"https:\/\/www.oguztansel.org\/tr\/wp-json\/wp\/v2\/types\/page"}],"author":[{"embeddable":true,"href":"https:\/\/www.oguztansel.org\/tr\/wp-json\/wp\/v2\/users\/1"}],"replies":[{"embeddable":true,"href":"https:\/\/www.oguztansel.org\/tr\/wp-json\/wp\/v2\/comments?post=13638"}],"version-history":[{"count":1,"href":"https:\/\/www.oguztansel.org\/tr\/wp-json\/wp\/v2\/pages\/13638\/revisions"}],"predecessor-version":[{"id":13639,"href":"https:\/\/www.oguztansel.org\/tr\/wp-json\/wp\/v2\/pages\/13638\/revisions\/13639"}],"wp:attachment":[{"href":"https:\/\/www.oguztansel.org\/tr\/wp-json\/wp\/v2\/media?parent=13638"}],"curies":[{"name":"wp","href":"https:\/\/api.w.org\/{rel}","templated":true}]}}